{"id":222,"date":"2016-04-21T07:16:59","date_gmt":"2016-04-21T07:16:59","guid":{"rendered":"http:\/\/www.prikafolu.com\/domov\/"},"modified":"2017-05-04T08:25:59","modified_gmt":"2017-05-04T08:25:59","slug":"domov","status":"publish","type":"page","link":"https:\/\/www.prikafolu.com\/it\/","title":{"rendered":"Domov"},"content":{"rendered":"<div class=\"fusion-one-full fusion-layout-column fusion-column-last fusion-spacing-yes\" style=\"margin-top:0px;margin-bottom:20px;\"><div class=\"fusion-column-wrapper\"><p style=\"text-align: center;\"><img loading=\"lazy\" class=\"aligncenter wp-image-166\" src=\"http:\/\/www.prikafolu.com\/wp-content\/uploads\/2016\/04\/ikone.jpg\" alt=\"ikone\" width=\"718\" height=\"75\" srcset=\"https:\/\/www.prikafolu.com\/wp-content\/uploads\/2016\/04\/ikone.jpg 900w, https:\/\/www.prikafolu.com\/wp-content\/uploads\/2016\/04\/ikone-300x31.jpg 300w, https:\/\/www.prikafolu.com\/wp-content\/uploads\/2016\/04\/ikone-768x80.jpg 768w\" sizes=\"(max-width: 718px) 100vw, 718px\" \/><\/p>\n<h2 style=\"text-align: center; margin-bottom: 5px;\">Agriturismo Pri Kafolu<\/h2>\n<p style=\"text-align: center;\"><em>Dove il tempo si ferma almeno per qualche istante<\/em><\/p>\n<p style=\"text-align: center;\">L\u2019agriturismo Pri Kafolu con una tradizione turistica di pi\u00f9 di 25 anni \u00e8 certamente uno di quelli in cui vi sentirete subito a casa in quanto la famiglia Leban vi accoglier\u00e0 a braccia aperte. La nostra fattoria si trova nel paese di Prapetno nella pittoresca valle dell\u2019Isonzo, ai margini del Parco nazionale del Triglav in cui il tempo continua a scorrere pi\u00f9 lentamente e vi permette di respirare veramente a pieni polmoni.<\/p>\n<p style=\"text-align: center;\">Sono felici di ritornare da noi sia i giovani che i pi\u00f9 anziani che amano la pace e un ambiente naturale genuino e incontaminato, lontano dai rumori della citt\u00e0.<\/p>\n<div class=\"fusion-clearfix\"><\/div><\/div><\/div><div class=\"fusion-clearfix\"><\/div><div class=\"fusion-one-sixth fusion-layout-column fusion-spacing-yes\" style=\"margin-top:0px;margin-bottom:20px;\"><div class=\"fusion-column-wrapper\"><div class=\"fusion-clearfix\"><\/div><\/div><\/div><div class=\"fusion-two-third fusion-layout-column fusion-spacing-yes\" style=\"margin-top:0px;margin-bottom:20px;\"><div class=\"fusion-column-wrapper\"><div class=\"fusion-video fusion-youtube\" style=\"max-width:720px;max-height:400px;\"><div class=\"video-shortcode\"><iframe title=\"YouTube video player\" src=\"https:\/\/www.youtube.com\/embed\/0FpV-Eav_go?wmode=transparent&autoplay=0&amp;rel=0\" width=\"720\" height=\"400\" frameborder=\"0\" allowfullscreen><\/iframe><\/div><\/div><div class=\"fusion-clearfix\"><\/div><\/div><\/div><div class=\"fusion-one-sixth fusion-layout-column fusion-column-last fusion-spacing-yes\" style=\"margin-top:0px;margin-bottom:20px;\"><div class=\"fusion-column-wrapper\"><div class=\"fusion-clearfix\"><\/div><\/div><\/div><div class=\"fusion-clearfix\"><\/div>\n","protected":false},"excerpt":{"rendered":"","protected":false},"author":1,"featured_media":0,"parent":0,"menu_order":0,"comment_status":"closed","ping_status":"closed","template":"","meta":[],"_links":{"self":[{"href":"https:\/\/www.prikafolu.com\/it\/wp-json\/wp\/v2\/pages\/222"}],"collection":[{"href":"https:\/\/www.prikafolu.com\/it\/wp-json\/wp\/v2\/pages"}],"about":[{"href":"https:\/\/www.prikafolu.com\/it\/wp-json\/wp\/v2\/types\/page"}],"author":[{"embeddable":true,"href":"https:\/\/www.prikafolu.com\/it\/wp-json\/wp\/v2\/users\/1"}],"replies":[{"embeddable":true,"href":"https:\/\/www.prikafolu.com\/it\/wp-json\/wp\/v2\/comments?post=222"}],"version-history":[{"count":1,"href":"https:\/\/www.prikafolu.com\/it\/wp-json\/wp\/v2\/pages\/222\/revisions"}],"predecessor-version":[{"id":233,"href":"https:\/\/www.prikafolu.com\/it\/wp-json\/wp\/v2\/pages\/222\/revisions\/233"}],"wp:attachment":[{"href":"https:\/\/www.prikafolu.com\/it\/wp-json\/wp\/v2\/media?parent=222"}],"curies":[{"name":"wp","href":"https:\/\/api.w.org\/{rel}","templated":true}]}}