{"id":211,"date":"2016-04-21T07:17:53","date_gmt":"2016-04-21T07:17:53","guid":{"rendered":"http:\/\/www.prikafolu.com\/dozivetja\/"},"modified":"2017-05-04T08:45:47","modified_gmt":"2017-05-04T08:45:47","slug":"esperienze","status":"publish","type":"page","link":"https:\/\/www.prikafolu.com\/it\/esperienze\/","title":{"rendered":"Esperienze"},"content":{"rendered":"<div class=\"fusion-one-half fusion-layout-column fusion-spacing-yes\" style=\"margin-top:0px;margin-bottom:20px;\"><div class=\"fusion-column-wrapper\"><div class=\"fusion-video fusion-youtube\" style=\"max-width:100%px;max-height:450px;\"><div class=\"video-shortcode\"><iframe title=\"YouTube video player\" src=\"https:\/\/www.youtube.com\/embed\/mQE_1m9m14U?wmode=transparent&autoplay=0&amp;rel=0 \" width=\"100%\" height=\"450\" frameborder=\"0\" allowfullscreen><\/iframe><\/div><\/div><div class=\"fusion-clearfix\"><\/div><\/div><\/div><div class=\"fusion-one-half fusion-layout-column fusion-column-last fusion-spacing-yes\" style=\"margin-top:0px;margin-bottom:20px;\"><div class=\"fusion-column-wrapper\"><p>La Valle dell\u2019Isonzo (Poso\u010dje) \u00e8 un vero paradiso per coloro che desiderano trascorrere le loro vacanze in modo attivo. Il nostro agriturismo \u00e8 una destinazione turistica eccellente da cui si pu\u00f2 andare sulle cime delle vicine montagne e godere dei panorami indimenticabili, o visitare la vicina confluenza dei fiumi Isonzo e Tolminka e rinfrescarsi d\u2019estate, in inverno invece rallegrarsi alla vista del paesaggio idilliaco.<\/p>\n<p><strong>Link:<\/strong><\/p>\n<ul>\n<li><a href=\"http:\/\/www.dolina-soce.com\/\">http:\/\/www.dolina-soce.com\/<\/a><\/li>\n<li><a href=\"http:\/\/www.maya.si\/\">http:\/\/www.maya.si\/<\/a><\/li>\n<li><a href=\"http:\/\/positive-sport.com\/sl\/\">http:\/\/positive-sport.com\/sl\/ <\/a><\/li>\n<\/ul>\n<div class=\"fusion-clearfix\"><\/div><\/div><\/div><div class=\"fusion-clearfix\"><\/div>\n","protected":false},"excerpt":{"rendered":"","protected":false},"author":1,"featured_media":0,"parent":0,"menu_order":0,"comment_status":"closed","ping_status":"closed","template":"","meta":[],"_links":{"self":[{"href":"https:\/\/www.prikafolu.com\/it\/wp-json\/wp\/v2\/pages\/211"}],"collection":[{"href":"https:\/\/www.prikafolu.com\/it\/wp-json\/wp\/v2\/pages"}],"about":[{"href":"https:\/\/www.prikafolu.com\/it\/wp-json\/wp\/v2\/types\/page"}],"author":[{"embeddable":true,"href":"https:\/\/www.prikafolu.com\/it\/wp-json\/wp\/v2\/users\/1"}],"replies":[{"embeddable":true,"href":"https:\/\/www.prikafolu.com\/it\/wp-json\/wp\/v2\/comments?post=211"}],"version-history":[{"count":1,"href":"https:\/\/www.prikafolu.com\/it\/wp-json\/wp\/v2\/pages\/211\/revisions"}],"predecessor-version":[{"id":246,"href":"https:\/\/www.prikafolu.com\/it\/wp-json\/wp\/v2\/pages\/211\/revisions\/246"}],"wp:attachment":[{"href":"https:\/\/www.prikafolu.com\/it\/wp-json\/wp\/v2\/media?parent=211"}],"curies":[{"name":"wp","href":"https:\/\/api.w.org\/{rel}","templated":true}]}}