{"id":206,"date":"2016-04-21T07:18:09","date_gmt":"2016-04-21T07:18:09","guid":{"rendered":"http:\/\/www.prikafolu.com\/kulinarika\/"},"modified":"2017-05-04T08:48:53","modified_gmt":"2017-05-04T08:48:53","slug":"kulinarik","status":"publish","type":"page","link":"https:\/\/www.prikafolu.com\/de\/kulinarik\/","title":{"rendered":"Kulinarik"},"content":{"rendered":"<div class=\"fusion-one-half fusion-layout-column fusion-spacing-yes\" style=\"margin-top:0px;margin-bottom:20px;\"><div class=\"fusion-column-wrapper\"><p><img loading=\"lazy\" class=\"alignnone size-full wp-image-120 obroba\" src=\"http:\/\/www.prikafolu.com\/wp-content\/uploads\/2016\/04\/DSC4259-1.jpg\" alt=\"_DSC4259\" width=\"1400\" height=\"932\" srcset=\"https:\/\/www.prikafolu.com\/wp-content\/uploads\/2016\/04\/DSC4259-1.jpg 1400w, https:\/\/www.prikafolu.com\/wp-content\/uploads\/2016\/04\/DSC4259-1-300x200.jpg 300w, https:\/\/www.prikafolu.com\/wp-content\/uploads\/2016\/04\/DSC4259-1-768x511.jpg 768w, https:\/\/www.prikafolu.com\/wp-content\/uploads\/2016\/04\/DSC4259-1-1024x682.jpg 1024w\" sizes=\"(max-width: 1400px) 100vw, 1400px\" \/><\/p>\n<div class=\"fusion-clearfix\"><\/div><\/div><\/div><div class=\"fusion-one-half fusion-layout-column fusion-column-last fusion-spacing-yes\" style=\"margin-top:0px;margin-bottom:20px;\"><div class=\"fusion-column-wrapper\"><p>Liebe soll ja bekanntlich durch den Magen gehen. Das best\u00e4tigen alle, die sich schon einmal von uns verw\u00f6hnen lassen haben. Auf unserem 22 ha gro\u00dfen Bio-Bauernhof pflegen wir immer noch die Tradition der Vergangenheit und bebauen die schmackhaften Zutaten eigens auf unserem Ackerland.<\/p>\n<p>Wir verw\u00f6hnen unsere G\u00e4ste mit einer gro\u00dfen Vielfalt an K\u00f6stlichkeiten, wie Gem\u00fcse und Obst aus dem eigenen Garten. Wir bieten ihnen u. a. hofeigenes Fleisch und hausgemachte Trockenfleischprodukte, Alpenk\u00e4se und Quark, typische slowenische \u0160truklji mit Walnuss- und Quarkf\u00fcllung, W\u00fcrste und Blutw\u00fcrste, Frikka und andere regionalen Gerichte. Au\u00dferdem servieren wir auch hausgebrannten Schnaps und Lik\u00f6re, selbstgemachte Marmeladen und frisch gebackenes Brot.<\/p>\n<div class=\"fusion-clearfix\"><\/div><\/div><\/div><div class=\"fusion-clearfix\"><\/div>\n","protected":false},"excerpt":{"rendered":"","protected":false},"author":1,"featured_media":0,"parent":0,"menu_order":0,"comment_status":"closed","ping_status":"closed","template":"","meta":[],"_links":{"self":[{"href":"https:\/\/www.prikafolu.com\/de\/wp-json\/wp\/v2\/pages\/206"}],"collection":[{"href":"https:\/\/www.prikafolu.com\/de\/wp-json\/wp\/v2\/pages"}],"about":[{"href":"https:\/\/www.prikafolu.com\/de\/wp-json\/wp\/v2\/types\/page"}],"author":[{"embeddable":true,"href":"https:\/\/www.prikafolu.com\/de\/wp-json\/wp\/v2\/users\/1"}],"replies":[{"embeddable":true,"href":"https:\/\/www.prikafolu.com\/de\/wp-json\/wp\/v2\/comments?post=206"}],"version-history":[{"count":2,"href":"https:\/\/www.prikafolu.com\/de\/wp-json\/wp\/v2\/pages\/206\/revisions"}],"predecessor-version":[{"id":250,"href":"https:\/\/www.prikafolu.com\/de\/wp-json\/wp\/v2\/pages\/206\/revisions\/250"}],"wp:attachment":[{"href":"https:\/\/www.prikafolu.com\/de\/wp-json\/wp\/v2\/media?parent=206"}],"curies":[{"name":"wp","href":"https:\/\/api.w.org\/{rel}","templated":true}]}}