{"id":203,"date":"2016-04-21T07:18:54","date_gmt":"2016-04-21T07:18:54","guid":{"rendered":"http:\/\/www.prikafolu.com\/cenik\/"},"modified":"2026-04-08T08:18:26","modified_gmt":"2026-04-08T08:18:26","slug":"preise","status":"publish","type":"page","link":"https:\/\/www.prikafolu.com\/de\/preise\/","title":{"rendered":"Preise"},"content":{"rendered":"<div class=\"fusion-one-half fusion-layout-column fusion-spacing-yes\" style=\"margin-top:0px;margin-bottom:20px;\"><div class=\"fusion-column-wrapper\"><table border=\"0\" cellspacing=\"0\">\n<colgroup width=\"574\"><\/colgroup>\n<colgroup width=\"215\"><\/colgroup>\n<colgroup width=\"196\"><\/colgroup>\n<tbody>\n<tr>\n<td height=\"42\">PREIS \/ PERSON \/ TAG (inkl. MwSt.)<\/td>\n<td>vom 01.01. bis 31.05. und vom 01.10. bis 31.12.<\/td>\n<td>vom 01.06. bis 30.09.<\/td>\n<\/tr>\n<tr>\n<td height=\"25\">\u00dcBERNACHTUNG MIT FR\u00dcHST\u00dcCK IM DOPPELZIMMER \/ pro Person<\/td>\n<td>63<\/td>\n<td>68<\/td>\n<\/tr>\n<tr>\n<td height=\"25\">FAMILIENZIMMER F\u00dcR 4 PERSONEN (2 Zimmer)<\/td>\n<td>175<\/td>\n<td>200<\/td>\n<\/tr>\n<tr>\n<td height=\"25\">MIETE APARTMENT F\u00dcR 2 PERSONEN (Studio)<\/td>\n<td>150<\/td>\n<td>165<\/td>\n<\/tr>\n<tr>\n<td height=\"25\">MIETE APARTMENT F\u00dcR 3 PERSONEN (Studio)<\/td>\n<td>170<\/td>\n<td>195<\/td>\n<\/tr>\n<tr>\n<td height=\"25\">MIETE APARTMENT F\u00dcR 4 PERSONEN (Duplex)<\/td>\n<td>320<\/td>\n<td>350<\/td>\n<\/tr>\n<tr>\n<td height=\"25\">FAMILIENZIMMER F\u00dcR 5 PERSONEN (2 Zimmer)<\/td>\n<td>220<\/td>\n<td>250<\/td>\n<\/tr>\n<tr>\n<td height=\"25\">\u00dcBERNACHTUNG MIT FR\u00dcHST\u00dcCK IM ZIMMER MIT BALKON \/ pro Person<\/td>\n<td>72<\/td>\n<td>78<\/td>\n<\/tr>\n<\/tbody>\n<\/table>\n<table border=\"0\" cellspacing=\"0\">\n<colgroup width=\"574\"><\/colgroup>\n<colgroup width=\"215\"><\/colgroup>\n<tbody>\n<tr>\n<td height=\"25\"><strong>ZUSCHL\u00c4GE \/ RABATTE<\/strong><\/td>\n<\/tr>\n<tr>\n<td height=\"25\">KINDER BIS 2 JAHRE (OHNE LEISTUNGEN, IM ZIMMER MIT DEN ELTERN)<\/td>\n<td>kostenlos<\/td>\n<\/tr>\n<tr>\n<td height=\"25\">KINDER VON 2 BIS 6 JAHREN (IM ZIMMER MIT DEN ELTERN)<\/td>\n<td>-50 %<\/td>\n<\/tr>\n<tr>\n<td height=\"25\">KINDER VON 7 BIS 12 JAHREN (IM ZIMMER MIT DEN ELTERN)<\/td>\n<td>-30 %<\/td>\n<\/tr>\n<tr>\n<td height=\"25\">EINZELZIMMER<\/td>\n<td>+40,00 \u20ac \/ Tag<\/td>\n<\/tr>\n<tr>\n<td height=\"25\">ZUSTELLBETT<\/td>\n<td>20,00 \u20ac \/ Tag<\/td>\n<\/tr>\n<tr>\n<td height=\"25\">KINDER-KLAPPBETT<\/td>\n<td>10,00 \u20ac \/ Tag<\/td>\n<\/tr>\n<tr>\n<td height=\"25\">ZIMMER MIT BALKON<\/td>\n<td>+20 %<\/td>\n<\/tr>\n<tr>\n<td height=\"25\">ABENDESSEN<\/td>\n<td>27,00 \u20ac<\/td>\n<\/tr>\n<tr>\n<td height=\"25\">KURTAXE &#8211; ERWACHSENE<\/td>\n<td>2,50 \u20ac<\/td>\n<\/tr>\n<tr>\n<td height=\"25\">KURTAXE &#8211; KINDER 7\u201318 JAHRE<\/td>\n<td>1,25 \u20ac<\/td>\n<\/tr>\n<tr>\n<td height=\"25\">KURTAXE &#8211; KINDER BIS 6 JAHRE<\/td>\n<td>kostenlos<\/td>\n<\/tr>\n<tr>\n<td height=\"25\">AUFENTHALT WENIGER ALS 3 N\u00c4CHTE<\/td>\n<td>+20%<\/td>\n<\/tr>\n<tr>\n<td height=\"25\">FR\u00dcHST\u00dcCK<\/td>\n<td>15,00 \u20ac<\/td>\n<\/tr>\n<\/tbody>\n<\/table>\n<div class=\"fusion-clearfix\"><\/div><\/div><\/div><div class=\"fusion-one-half fusion-layout-column fusion-column-last fusion-spacing-yes\" style=\"margin-top:0px;margin-bottom:20px;\"><div class=\"fusion-column-wrapper\"><p><img loading=\"lazy\" class=\"alignnone wp-image-158 size-full\" src=\"http:\/\/www.prikafolu.com\/wp-content\/uploads\/2016\/04\/DSC4227-1.jpg\" alt=\"DSC4227\" width=\"1400\" height=\"932\" srcset=\"https:\/\/www.prikafolu.com\/wp-content\/uploads\/2016\/04\/DSC4227-1.jpg 1400w, https:\/\/www.prikafolu.com\/wp-content\/uploads\/2016\/04\/DSC4227-1-300x200.jpg 300w, https:\/\/www.prikafolu.com\/wp-content\/uploads\/2016\/04\/DSC4227-1-768x511.jpg 768w, https:\/\/www.prikafolu.com\/wp-content\/uploads\/2016\/04\/DSC4227-1-1024x682.jpg 1024w\" sizes=\"(max-width: 1400px) 100vw, 1400px\" \/><\/p>\n<div class=\"fusion-clearfix\"><\/div><\/div><\/div><div class=\"fusion-clearfix\"><\/div>\n","protected":false},"excerpt":{"rendered":"","protected":false},"author":1,"featured_media":0,"parent":0,"menu_order":0,"comment_status":"closed","ping_status":"closed","template":"","meta":[],"_links":{"self":[{"href":"https:\/\/www.prikafolu.com\/de\/wp-json\/wp\/v2\/pages\/203"}],"collection":[{"href":"https:\/\/www.prikafolu.com\/de\/wp-json\/wp\/v2\/pages"}],"about":[{"href":"https:\/\/www.prikafolu.com\/de\/wp-json\/wp\/v2\/types\/page"}],"author":[{"embeddable":true,"href":"https:\/\/www.prikafolu.com\/de\/wp-json\/wp\/v2\/users\/1"}],"replies":[{"embeddable":true,"href":"https:\/\/www.prikafolu.com\/de\/wp-json\/wp\/v2\/comments?post=203"}],"version-history":[{"count":21,"href":"https:\/\/www.prikafolu.com\/de\/wp-json\/wp\/v2\/pages\/203\/revisions"}],"predecessor-version":[{"id":401,"href":"https:\/\/www.prikafolu.com\/de\/wp-json\/wp\/v2\/pages\/203\/revisions\/401"}],"wp:attachment":[{"href":"https:\/\/www.prikafolu.com\/de\/wp-json\/wp\/v2\/media?parent=203"}],"curies":[{"name":"wp","href":"https:\/\/api.w.org\/{rel}","templated":true}]}}