{"id":193,"date":"2016-12-28T06:53:53","date_gmt":"2016-12-28T06:53:53","guid":{"rendered":"http:\/\/www.prikafolu.com\/muharjenje\/"},"modified":"2017-05-04T08:47:10","modified_gmt":"2017-05-04T08:47:10","slug":"fliegenfischen","status":"publish","type":"page","link":"https:\/\/www.prikafolu.com\/de\/fliegenfischen\/","title":{"rendered":"Fliegenfischen"},"content":{"rendered":"<div class=\"fusion-one-half fusion-layout-column fusion-spacing-yes\" style=\"margin-top:0px;margin-bottom:20px;\"><div class=\"fusion-column-wrapper\"><span class=\"fusion-imageframe imageframe-none imageframe-1 hover-type-none\"> <img alt=\"\" src=\"http:\/\/www.prikafolu.com\/wp-content\/uploads\/2016\/12\/Depositphotos_95411008_l-2015-1024x682.jpg\" class=\"img-responsive\"\/><\/span><div class=\"fusion-clearfix\"><\/div><\/div><\/div><div class=\"fusion-one-half fusion-layout-column fusion-column-last fusion-spacing-yes\" style=\"margin-top:0px;margin-bottom:20px;\"><div class=\"fusion-column-wrapper\"><p>Das Fliegenfischen hat sich bei den Slowenen und den ausl\u00e4ndischen G\u00e4sten in den letzten Jahren zu einer sehr beliebten Sportart entwickelt. Es ist ein ganz besonderes Erlebnis, einmal mitten in der unversehrten Natur die jahrhundertealte Angeltechnik auszuprobieren und die K\u00f6nigin der Fische &#8211; die So\u010da-Forelle \u2013 einzufangen versuchen.<\/p>\n<p>Unser Bauernhof befindet sich mitten im Zentrum des Angelgebiets, nur 500 m von der So\u010da entfernt, sodass Sie die ganz besonderen, abgelegenen und zum Fliegenfischen besonders geeigneten Stellen in Reichweite haben. Anf\u00e4ngern und allen, die etwas Besonderes erleben wollen, empfehlen wir die Teilnahme an einem organisierten Fliegenfischtag, was gewiss eine ganz besondere Erfahrung wird.<\/p>\n<p>Bei uns k\u00f6nnen Sie die Angelerlaubnisscheine der Fischereivereine Ribi\u0161ka dru\u017eina Tolmin und Ribi\u0161ka dru\u017eina Idrija kaufen.<\/p>\n<p><strong>Links:<\/strong><\/p>\n<ul>\n<li><a href=\"http:\/\/www.slo-fly.com\/\">http:\/\/www.slo-fly.com\/<\/a><\/li>\n<li><a href=\"http:\/\/www.ribiska-druzina-tolmin.si\/\">http:\/\/www.ribiska-druzina-tolmin.si\/<\/a><\/li>\n<li><a href=\"http:\/\/www.socafly.com\/\">http:\/\/www.socafly.com\/<\/a><\/li>\n<li><a href=\"http:\/\/socafishingguide.si\/\">http:\/\/socafishingguide.si\/<\/a><\/li>\n<\/ul>\n<div class=\"fusion-clearfix\"><\/div><\/div><\/div><div class=\"fusion-clearfix\"><\/div><div class=\"fusion-one-full fusion-layout-column fusion-column-last fusion-spacing-yes\" style=\"margin-top:0px;margin-bottom:20px;\"><div class=\"fusion-column-wrapper\">\n\t\t<style type=\"text\/css\">\n\t\t\t#gallery-1 {\n\t\t\t\tmargin: auto;\n\t\t\t}\n\t\t\t#gallery-1 .gallery-item {\n\t\t\t\tfloat: left;\n\t\t\t\tmargin-top: 10px;\n\t\t\t\ttext-align: center;\n\t\t\t\twidth: 20%;\n\t\t\t}\n\t\t\t#gallery-1 img {\n\t\t\t\tborder: 2px solid #cfcfcf;\n\t\t\t}\n\t\t\t#gallery-1 .gallery-caption {\n\t\t\t\tmargin-left: 0;\n\t\t\t}\n\t\t\t\/* see gallery_shortcode() in wp-includes\/media.php *\/\n\t\t<\/style>\n\t\t<div id='gallery-1' class='gallery galleryid-193 gallery-columns-5 gallery-size-thumbnail'><dl class='gallery-item'>\n\t\t\t<dt class='gallery-icon landscape'>\n\t\t\t\t<a data-rel=\"iLightbox[postimages]\" data-title=\"DJI_0021\" data-caption=\"\" href='https:\/\/www.prikafolu.com\/wp-content\/uploads\/2016\/12\/DJI_0021-1.jpg'><img width=\"150\" height=\"150\" src=\"https:\/\/www.prikafolu.com\/wp-content\/uploads\/2016\/12\/DJI_0021-1-150x150.jpg\" class=\"attachment-thumbnail size-thumbnail\" alt=\"\" loading=\"lazy\" srcset=\"https:\/\/www.prikafolu.com\/wp-content\/uploads\/2016\/12\/DJI_0021-1-150x150.jpg 150w, https:\/\/www.prikafolu.com\/wp-content\/uploads\/2016\/12\/DJI_0021-1-66x66.jpg 66w\" sizes=\"(max-width: 150px) 100vw, 150px\" \/><\/a>\n\t\t\t<\/dt><\/dl><dl class='gallery-item'>\n\t\t\t<dt class='gallery-icon landscape'>\n\t\t\t\t<a data-rel=\"iLightbox[postimages]\" data-title=\"DSC_7138-1\" data-caption=\"\" href='https:\/\/www.prikafolu.com\/wp-content\/uploads\/2016\/12\/DSC_7138-1-1.jpg'><img width=\"150\" height=\"150\" src=\"https:\/\/www.prikafolu.com\/wp-content\/uploads\/2016\/12\/DSC_7138-1-1-150x150.jpg\" class=\"attachment-thumbnail size-thumbnail\" alt=\"\" loading=\"lazy\" srcset=\"https:\/\/www.prikafolu.com\/wp-content\/uploads\/2016\/12\/DSC_7138-1-1-150x150.jpg 150w, https:\/\/www.prikafolu.com\/wp-content\/uploads\/2016\/12\/DSC_7138-1-1-66x66.jpg 66w\" sizes=\"(max-width: 150px) 100vw, 150px\" \/><\/a>\n\t\t\t<\/dt><\/dl><dl class='gallery-item'>\n\t\t\t<dt class='gallery-icon landscape'>\n\t\t\t\t<a data-rel=\"iLightbox[postimages]\" data-title=\"DSC_7584\" data-caption=\"\" href='https:\/\/www.prikafolu.com\/wp-content\/uploads\/2016\/12\/DSC_7584-1.jpg'><img width=\"150\" height=\"150\" src=\"https:\/\/www.prikafolu.com\/wp-content\/uploads\/2016\/12\/DSC_7584-1-150x150.jpg\" class=\"attachment-thumbnail size-thumbnail\" alt=\"\" loading=\"lazy\" srcset=\"https:\/\/www.prikafolu.com\/wp-content\/uploads\/2016\/12\/DSC_7584-1-150x150.jpg 150w, https:\/\/www.prikafolu.com\/wp-content\/uploads\/2016\/12\/DSC_7584-1-66x66.jpg 66w\" sizes=\"(max-width: 150px) 100vw, 150px\" \/><\/a>\n\t\t\t<\/dt><\/dl><dl class='gallery-item'>\n\t\t\t<dt class='gallery-icon landscape'>\n\t\t\t\t<a data-rel=\"iLightbox[postimages]\" data-title=\"IMG_20160614_222330\" data-caption=\"\" href='https:\/\/www.prikafolu.com\/wp-content\/uploads\/2016\/12\/IMG_20160614_222330.jpg'><img width=\"150\" height=\"150\" src=\"https:\/\/www.prikafolu.com\/wp-content\/uploads\/2016\/12\/IMG_20160614_222330-150x150.jpg\" class=\"attachment-thumbnail size-thumbnail\" alt=\"\" loading=\"lazy\" srcset=\"https:\/\/www.prikafolu.com\/wp-content\/uploads\/2016\/12\/IMG_20160614_222330-150x150.jpg 150w, https:\/\/www.prikafolu.com\/wp-content\/uploads\/2016\/12\/IMG_20160614_222330-66x66.jpg 66w\" sizes=\"(max-width: 150px) 100vw, 150px\" \/><\/a>\n\t\t\t<\/dt><\/dl><dl class='gallery-item'>\n\t\t\t<dt class='gallery-icon landscape'>\n\t\t\t\t<a data-rel=\"iLightbox[postimages]\" data-title=\"IMG-20161009-WA0050\" data-caption=\"\" href='https:\/\/www.prikafolu.com\/wp-content\/uploads\/2016\/12\/IMG-20161009-WA0050-1.jpg'><img width=\"150\" height=\"150\" src=\"https:\/\/www.prikafolu.com\/wp-content\/uploads\/2016\/12\/IMG-20161009-WA0050-1-150x150.jpg\" class=\"attachment-thumbnail size-thumbnail\" alt=\"\" loading=\"lazy\" srcset=\"https:\/\/www.prikafolu.com\/wp-content\/uploads\/2016\/12\/IMG-20161009-WA0050-1-150x150.jpg 150w, https:\/\/www.prikafolu.com\/wp-content\/uploads\/2016\/12\/IMG-20161009-WA0050-1-66x66.jpg 66w\" sizes=\"(max-width: 150px) 100vw, 150px\" \/><\/a>\n\t\t\t<\/dt><\/dl><br style=\"clear: both\" \/>\n\t\t<\/div>\n\n<div class=\"fusion-clearfix\"><\/div><\/div><\/div><div class=\"fusion-clearfix\"><\/div>\n","protected":false},"excerpt":{"rendered":"","protected":false},"author":1,"featured_media":0,"parent":0,"menu_order":0,"comment_status":"closed","ping_status":"closed","template":"","meta":[],"_links":{"self":[{"href":"https:\/\/www.prikafolu.com\/de\/wp-json\/wp\/v2\/pages\/193"}],"collection":[{"href":"https:\/\/www.prikafolu.com\/de\/wp-json\/wp\/v2\/pages"}],"about":[{"href":"https:\/\/www.prikafolu.com\/de\/wp-json\/wp\/v2\/types\/page"}],"author":[{"embeddable":true,"href":"https:\/\/www.prikafolu.com\/de\/wp-json\/wp\/v2\/users\/1"}],"replies":[{"embeddable":true,"href":"https:\/\/www.prikafolu.com\/de\/wp-json\/wp\/v2\/comments?post=193"}],"version-history":[{"count":1,"href":"https:\/\/www.prikafolu.com\/de\/wp-json\/wp\/v2\/pages\/193\/revisions"}],"predecessor-version":[{"id":247,"href":"https:\/\/www.prikafolu.com\/de\/wp-json\/wp\/v2\/pages\/193\/revisions\/247"}],"wp:attachment":[{"href":"https:\/\/www.prikafolu.com\/de\/wp-json\/wp\/v2\/media?parent=193"}],"curies":[{"name":"wp","href":"https:\/\/api.w.org\/{rel}","templated":true}]}}